{"id":22,"date":"2018-05-24T17:34:49","date_gmt":"2018-05-24T17:34:49","guid":{"rendered":"http:\/\/31.217.196.210\/~jqkhittr\/?page_id=22"},"modified":"2026-04-04T11:54:28","modified_gmt":"2026-04-04T08:54:28","slug":"home","status":"publish","type":"page","link":"https:\/\/www.lvk-lbk.fi\/","title":{"rendered":"Home"},"content":{"rendered":"<h3><strong><span style=\"color: #000080;\">L\u00e5ngvikin venekerho &#8211; L\u00e5ngvik B\u00e5tklubb ry<\/span><\/strong><\/h3>\n<p>Perustettu 1980 ja on vanhin venekerho Kirkkonummella.<br \/>Olemme j\u00e4senen\u00e4 <strong><a href=\"http:\/\/spv.fi\/\">Suomen Purjehdus ja Veneily<\/a><\/strong> ry:ss\u00e4.<\/p>\n<h4><span style=\"color: #000080;\">Veneilykausi 2026<\/span><\/h4>\n<p>Tervetuloa LVK-LBK:n kotisivuille.<\/p>\n<p>Veneilykausi alkaa pikkuhiljaa olla k\u00e4sill\u00e4, mutta viel\u00e4 on muutama t\u00e4rke\u00e4 teht\u00e4v\u00e4 j\u00e4ljell\u00e4 jotta veneilykausi sujuisi hyvin ja turvallisesti. Eli kurkkaa toimintakalenteria jossa tarkemmat ohjeet talkoista ym.<\/p>\n<ul>\n<li><strong>Mukavaa veneilykes\u00e4\u00e4 2026 kaikille seuran j\u00e4senille<\/strong><\/li>\n<\/ul>\n<p>Muistutukset merkitt\u00e4vist\u00e4 tapahtumista pyrit\u00e4\u00e4n jatkossakin laittamaan kotisivuille &#8220;POPUP&#8221; ikkunan muodossa, jolloin niit\u00e4 ei voi olla huomaamatta.\u00a0\u00a0<\/p>\n<p>Pidet\u00e4\u00e4n edelleen hyv\u00e4\u00e4 huolta l\u00e4himm\u00e4isist\u00e4mme ja yst\u00e4vist\u00e4mme ! ( Sek\u00e4 veneist\u00e4 )<\/p>\n<p>Sivustoamme on p\u00e4ivitetty 04.03.2026\/admin<\/p>\n\n\n<p><\/p>\n","protected":false},"excerpt":{"rendered":"<p>L\u00e5ngvikin venekerho &#8211; L\u00e5ngvik B\u00e5tklubb ry Perustettu 1980 ja on vanhin venekerho Kirkkonummella.Olemme j\u00e4senen\u00e4 Suomen Purjehdus ja Veneily ry:ss\u00e4. Veneilykausi 2026 Tervetuloa LVK-LBK:n kotisivuille.&#46;&#46;&#46;<\/p>\n","protected":false},"author":1,"featured_media":0,"parent":0,"menu_order":0,"comment_status":"closed","ping_status":"closed","template":"","meta":{"footnotes":""},"class_list":["post-22","page","type-page","status-publish","hentry"],"_links":{"self":[{"href":"https:\/\/www.lvk-lbk.fi\/index.php?rest_route=\/wp\/v2\/pages\/22","targetHints":{"allow":["GET"]}}],"collection":[{"href":"https:\/\/www.lvk-lbk.fi\/index.php?rest_route=\/wp\/v2\/pages"}],"about":[{"href":"https:\/\/www.lvk-lbk.fi\/index.php?rest_route=\/wp\/v2\/types\/page"}],"author":[{"embeddable":true,"href":"https:\/\/www.lvk-lbk.fi\/index.php?rest_route=\/wp\/v2\/users\/1"}],"replies":[{"embeddable":true,"href":"https:\/\/www.lvk-lbk.fi\/index.php?rest_route=%2Fwp%2Fv2%2Fcomments&post=22"}],"version-history":[{"count":159,"href":"https:\/\/www.lvk-lbk.fi\/index.php?rest_route=\/wp\/v2\/pages\/22\/revisions"}],"predecessor-version":[{"id":998,"href":"https:\/\/www.lvk-lbk.fi\/index.php?rest_route=\/wp\/v2\/pages\/22\/revisions\/998"}],"wp:attachment":[{"href":"https:\/\/www.lvk-lbk.fi\/index.php?rest_route=%2Fwp%2Fv2%2Fmedia&parent=22"}],"curies":[{"name":"wp","href":"https:\/\/api.w.org\/{rel}","templated":true}]}}